{"id":158,"date":"2020-11-18T11:07:50","date_gmt":"2020-11-18T11:07:50","guid":{"rendered":"https:\/\/nima-project.eu\/?page_id=158"},"modified":"2020-11-18T11:07:50","modified_gmt":"2020-11-18T11:07:50","slug":"consortium","status":"publish","type":"page","link":"https:\/\/nima-project.eu\/index.php\/consortium\/","title":{"rendered":"Consortium"},"content":{"rendered":"\n<p>The project consortium consists of the following five partners: <\/p>\n\n\n\n<ul class=\"wp-block-list\"><li><a href=\"https:\/\/nima-project.eu\/index.php\/albert-ludwigs-universitat-freiburg\/\">Albert-Ludwigs-Universit\u00e4t Freiburg<\/a> (Germany) <\/li><li><a href=\"https:\/\/nima-project.eu\/index.php\/imperial-college-of-science-technology-and-medicine\/\">Imperial College of Science, Technology and Medicine<\/a> (United Kingdom)<\/li><li><a href=\"https:\/\/nima-project.eu\/index.php\/universita-campus-bio-medico-di-roma\/\" data-type=\"page\" data-id=\"48\">Universit\u00e0 Campus Bio-Medico di Roma<\/a> (Italy)<\/li><li><a href=\"https:\/\/nima-project.eu\/index.php\/sorbonne-universite\/\">Sorbonne Universit\u00e9<\/a> (France)<\/li><li><a href=\"https:\/\/nima-project.eu\/index.php\/tecnalia-research-innovation\/\" data-type=\"page\" data-id=\"55\">Fundaci\u00f3n Tecnalia Research &amp; Innovation<\/a> (Spain)<\/li><\/ul>\n\n\n\n<p><\/p>\n","protected":false},"excerpt":{"rendered":"<p>The project consortium consists of the following five partners: Albert-Ludwigs-Universit\u00e4t Freiburg (Germany) Imperial College of Science, Technology and Medicine (United Kingdom) Universit\u00e0 Campus Bio-Medico di Roma (Italy) Sorbonne Universit\u00e9 (France) Fundaci\u00f3n Tecnalia Research &amp; Innovation (Spain)<\/p>\n","protected":false},"author":1,"featured_media":0,"parent":0,"menu_order":0,"comment_status":"closed","ping_status":"closed","template":"","meta":{"footnotes":""},"class_list":["post-158","page","type-page","status-publish"],"_links":{"self":[{"href":"https:\/\/nima-project.eu\/index.php\/wp-json\/wp\/v2\/pages\/158","targetHints":{"allow":["GET"]}}],"collection":[{"href":"https:\/\/nima-project.eu\/index.php\/wp-json\/wp\/v2\/pages"}],"about":[{"href":"https:\/\/nima-project.eu\/index.php\/wp-json\/wp\/v2\/types\/page"}],"author":[{"embeddable":true,"href":"https:\/\/nima-project.eu\/index.php\/wp-json\/wp\/v2\/users\/1"}],"replies":[{"embeddable":true,"href":"https:\/\/nima-project.eu\/index.php\/wp-json\/wp\/v2\/comments?post=158"}],"version-history":[{"count":1,"href":"https:\/\/nima-project.eu\/index.php\/wp-json\/wp\/v2\/pages\/158\/revisions"}],"predecessor-version":[{"id":159,"href":"https:\/\/nima-project.eu\/index.php\/wp-json\/wp\/v2\/pages\/158\/revisions\/159"}],"wp:attachment":[{"href":"https:\/\/nima-project.eu\/index.php\/wp-json\/wp\/v2\/media?parent=158"}],"curies":[{"name":"wp","href":"https:\/\/api.w.org\/{rel}","templated":true}]}}