{"id":35,"date":"2020-10-29T08:14:59","date_gmt":"2020-10-29T08:14:59","guid":{"rendered":"https:\/\/nima-project.eu\/?page_id=35"},"modified":"2022-05-31T06:54:17","modified_gmt":"2022-05-31T06:54:17","slug":"contact","status":"publish","type":"page","link":"https:\/\/nima-project.eu\/index.php\/contact\/","title":{"rendered":"Contact"},"content":{"rendered":"\n<p>For questions or comments, please use the contact data below.<\/p>\n\n\n\n\n\n<p><\/p>\n\n\n\n<p>Dr Michael Obach<br>Communication, dissemination and exploitation coordinator<br><strong>TECNALIA Research &amp; Innovation<\/strong><br>Parque Cient\u00edfico y Tecnol\u00f3gico de Gipuzkoa<br>Mikeletegi Pasealekua, 1-3<br>E-20009 Donostia-San Sebasti\u00e1n &#8211; Gipuzkoa (Spain)<br>Email: info ( at ) nima-project.eu<\/p>\n","protected":false},"excerpt":{"rendered":"<p>For questions or comments, please use the contact data below. Dr Michael ObachCommunication, dissemination and exploitation coordinatorTECNALIA Research &amp; InnovationParque Cient\u00edfico y Tecnol\u00f3gico de GipuzkoaMikeletegi Pasealekua, 1-3E-20009 Donostia-San Sebasti\u00e1n &#8211; Gipuzkoa (Spain)Email: info ( at ) nima-project.eu<\/p>\n","protected":false},"author":1,"featured_media":0,"parent":0,"menu_order":0,"comment_status":"closed","ping_status":"closed","template":"","meta":{"footnotes":""},"class_list":["post-35","page","type-page","status-publish"],"_links":{"self":[{"href":"https:\/\/nima-project.eu\/index.php\/wp-json\/wp\/v2\/pages\/35","targetHints":{"allow":["GET"]}}],"collection":[{"href":"https:\/\/nima-project.eu\/index.php\/wp-json\/wp\/v2\/pages"}],"about":[{"href":"https:\/\/nima-project.eu\/index.php\/wp-json\/wp\/v2\/types\/page"}],"author":[{"embeddable":true,"href":"https:\/\/nima-project.eu\/index.php\/wp-json\/wp\/v2\/users\/1"}],"replies":[{"embeddable":true,"href":"https:\/\/nima-project.eu\/index.php\/wp-json\/wp\/v2\/comments?post=35"}],"version-history":[{"count":4,"href":"https:\/\/nima-project.eu\/index.php\/wp-json\/wp\/v2\/pages\/35\/revisions"}],"predecessor-version":[{"id":233,"href":"https:\/\/nima-project.eu\/index.php\/wp-json\/wp\/v2\/pages\/35\/revisions\/233"}],"wp:attachment":[{"href":"https:\/\/nima-project.eu\/index.php\/wp-json\/wp\/v2\/media?parent=35"}],"curies":[{"name":"wp","href":"https:\/\/api.w.org\/{rel}","templated":true}]}}