{"id":52,"date":"2020-10-29T18:42:39","date_gmt":"2020-10-29T18:42:39","guid":{"rendered":"https:\/\/nima-project.eu\/?page_id=52"},"modified":"2020-11-16T07:54:20","modified_gmt":"2020-11-16T07:54:20","slug":"sorbonne-universite","status":"publish","type":"page","link":"https:\/\/nima-project.eu\/index.php\/sorbonne-universite\/","title":{"rendered":"Sorbonne Universit\u00e9"},"content":{"rendered":"\n<div class=\"wp-block-image\"><figure class=\"aligncenter size-large is-resized\"><img loading=\"lazy\" decoding=\"async\" src=\"https:\/\/nima-project.eu\/wp-content\/uploads\/2020\/10\/Sorbonne_University-1024x415.png\" alt=\"\" class=\"wp-image-53\" width=\"319\" height=\"129\" srcset=\"https:\/\/nima-project.eu\/wp-content\/uploads\/2020\/10\/Sorbonne_University-1024x415.png 1024w, https:\/\/nima-project.eu\/wp-content\/uploads\/2020\/10\/Sorbonne_University-300x122.png 300w, https:\/\/nima-project.eu\/wp-content\/uploads\/2020\/10\/Sorbonne_University-768x311.png 768w, https:\/\/nima-project.eu\/wp-content\/uploads\/2020\/10\/Sorbonne_University.png 1280w\" sizes=\"auto, (max-width: 319px) 100vw, 319px\" \/><\/figure><\/div>\n\n\n\n<p><\/p>\n\n\n\n<p><strong><a href=\"https:\/\/www.n-jarrasse.fr\/\">Sorbonne Universit\u00e9<\/a> (SOU) <\/strong>was formed in 2018 as the merger of Universit\u00e9 Sorbonne (Paris 4), Universit\u00e9 Pierre et Marie Curie (UPMC, Paris 6), and smaller institutions. Benefitting from the complementary strengths of its funding members, SOU is a multidisciplinary university that can respond to the challenges of the 21st century. It covers a broad spectrum of disciplines in science, medicine, engineering, humanities and social sciences, business administration and arts, and is the largest scientific and medical complex in France, with 53,400 students. SOU\u2019s Institute for Intelligent Systems and Robotics (ISIR) is a multidisciplinary research laboratory associated to CNRS and Sorbonne Universit\u00e9. It is the largest robotics research facility in France, bringing together researchers and academics from different disciplines of Engineering Sciences &amp; Information and of the Life Sciences. Within ISIR, the Assistance to Gesture with Applications to Therapy (AGATHE) group, that will be involved in NIMA, is specialised in the design and control of robotic devices to assist human motion.<\/p>\n\n\n\n<h2 class=\"wp-block-heading\">Key persons in NIMA<\/h2>\n\n\n\n<div class=\"wp-block-columns is-layout-flex wp-container-core-columns-is-layout-9d6595d7 wp-block-columns-is-layout-flex\">\n<div class=\"wp-block-column is-layout-flow wp-block-column-is-layout-flow\" style=\"flex-basis:33.33%\">\n<div class=\"wp-block-image is-style-rounded\"><figure class=\"alignright size-large is-resized\"><img loading=\"lazy\" decoding=\"async\" src=\"https:\/\/nima-project.eu\/wp-content\/uploads\/2020\/11\/n-jarrasse-200x150-1.jpg\" alt=\"\" class=\"wp-image-131\" width=\"151\" height=\"200\"\/><\/figure><\/div>\n<\/div>\n\n\n\n<div class=\"wp-block-column is-layout-flow wp-block-column-is-layout-flow\" style=\"flex-basis:66.66%\">\n<p><strong><strong>Dr. Nathana\u00ebl Jarrass\u00e9<\/strong><\/strong><\/p>\n\n\n\n<p>NIMA Project Workpackage Leader<\/p>\n\n\n\n<p>Institute of Intelligent Systems and Robotics, Sorbonne Universit\u00e9<\/p>\n\n\n\n<p>More info <a href=\"http:\/\/www.n-jarrasse.com\/\">here<\/a><\/p>\n<\/div>\n<\/div>\n\n\n\n<hr class=\"wp-block-separator\"\/>\n\n\n\n<div class=\"wp-block-columns is-layout-flex wp-container-core-columns-is-layout-9d6595d7 wp-block-columns-is-layout-flex\">\n<div class=\"wp-block-column is-layout-flow wp-block-column-is-layout-flow\" style=\"flex-basis:33.33%\">\n<div class=\"wp-block-image is-style-rounded\"><figure class=\"alignright size-large\"><img loading=\"lazy\" decoding=\"async\" width=\"150\" height=\"200\" src=\"https:\/\/nima-project.eu\/wp-content\/uploads\/2020\/11\/marie_aude_vitrani-200x150-1.jpg\" alt=\"\" class=\"wp-image-132\"\/><\/figure><\/div>\n<\/div>\n\n\n\n<div class=\"wp-block-column is-layout-flow wp-block-column-is-layout-flow\" style=\"flex-basis:66.66%\">\n<p><strong><strong><strong>Dr. Marie Aude Vitrani<\/strong><\/strong><\/strong><\/p>\n\n\n\n<p>NIMA Project Team Member<\/p>\n\n\n\n<p>Institute of Intelligent Systems and Robotics, Sorbonne Universit\u00e9<\/p>\n\n\n\n<p>More info <a href=\"http:\/\/www.isir.upmc.fr\/?op=view_profil&amp;lang=fr&amp;id=37\">here<\/a><\/p>\n<\/div>\n<\/div>\n\n\n\n<hr class=\"wp-block-separator\"\/>\n\n\n\n<div class=\"wp-block-columns is-layout-flex wp-container-core-columns-is-layout-9d6595d7 wp-block-columns-is-layout-flex\">\n<div class=\"wp-block-column is-layout-flow wp-block-column-is-layout-flow\" style=\"flex-basis:33.33%\">\n<div class=\"wp-block-image is-style-rounded\"><figure class=\"alignright size-large\"><img loading=\"lazy\" decoding=\"async\" width=\"150\" height=\"200\" src=\"https:\/\/nima-project.eu\/wp-content\/uploads\/2020\/11\/g-morel-200x150-1.jpg\" alt=\"\" class=\"wp-image-130\"\/><\/figure><\/div>\n<\/div>\n\n\n\n<div class=\"wp-block-column is-layout-flow wp-block-column-is-layout-flow\" style=\"flex-basis:66.66%\">\n<p><strong><strong><strong>Prof. Dr. Guillaume Morel<\/strong><\/strong><\/strong><\/p>\n\n\n\n<p>NIMA Project Team Member<\/p>\n\n\n\n<p>Institute of Intelligent Systems and Robotics, Sorbonne Universit\u00e9<\/p>\n\n\n\n<p>More info <a href=\"http:\/\/www.isir.upmc.fr\/?op=view_profil&amp;lang=fr&amp;id=23\">here<\/a><\/p>\n<\/div>\n<\/div>\n","protected":false},"excerpt":{"rendered":"<p>Sorbonne Universit\u00e9 (SOU) was formed in 2018 as the merger of Universit\u00e9 Sorbonne (Paris 4), Universit\u00e9 Pierre et Marie Curie (UPMC, Paris 6), and smaller institutions. Benefitting from the complementary strengths of its funding members, SOU is a multidisciplinary university that can respond to the challenges of the 21st century. It covers a broad spectrum &#8230; <a title=\"Sorbonne Universit\u00e9\" class=\"read-more\" href=\"https:\/\/nima-project.eu\/index.php\/sorbonne-universite\/\" aria-label=\"Read more about Sorbonne Universit\u00e9\">Read more<\/a><\/p>\n","protected":false},"author":1,"featured_media":0,"parent":0,"menu_order":0,"comment_status":"closed","ping_status":"closed","template":"","meta":{"footnotes":""},"class_list":["post-52","page","type-page","status-publish"],"_links":{"self":[{"href":"https:\/\/nima-project.eu\/index.php\/wp-json\/wp\/v2\/pages\/52","targetHints":{"allow":["GET"]}}],"collection":[{"href":"https:\/\/nima-project.eu\/index.php\/wp-json\/wp\/v2\/pages"}],"about":[{"href":"https:\/\/nima-project.eu\/index.php\/wp-json\/wp\/v2\/types\/page"}],"author":[{"embeddable":true,"href":"https:\/\/nima-project.eu\/index.php\/wp-json\/wp\/v2\/users\/1"}],"replies":[{"embeddable":true,"href":"https:\/\/nima-project.eu\/index.php\/wp-json\/wp\/v2\/comments?post=52"}],"version-history":[{"count":4,"href":"https:\/\/nima-project.eu\/index.php\/wp-json\/wp\/v2\/pages\/52\/revisions"}],"predecessor-version":[{"id":137,"href":"https:\/\/nima-project.eu\/index.php\/wp-json\/wp\/v2\/pages\/52\/revisions\/137"}],"wp:attachment":[{"href":"https:\/\/nima-project.eu\/index.php\/wp-json\/wp\/v2\/media?parent=52"}],"curies":[{"name":"wp","href":"https:\/\/api.w.org\/{rel}","templated":true}]}}